{"id":5336,"date":"2023-12-01T06:26:30","date_gmt":"2023-12-01T05:26:30","guid":{"rendered":"http:\/\/testpresta.naid.tech\/index.php\/produit\/manette-bluetooth-8bitdo-sf30-pro-nintendo-switch-pc\/"},"modified":"2023-12-01T06:26:30","modified_gmt":"2023-12-01T05:26:30","slug":"manette-bluetooth-8bitdo-sf30-pro-nintendo-switch-pc","status":"publish","type":"product","link":"https:\/\/testpresta.naid.tech\/index.php\/produit\/manette-bluetooth-8bitdo-sf30-pro-nintendo-switch-pc\/","title":{"rendered":"Manette bluetooth 8BITDO SF30 PRO NINTENDO SWITCH &#8211; PC"},"content":{"rendered":"<p>Fonction Rumble (vibration HD)<\/p>\n<p>Contr\u00f4le de mouvement\u00a0(acc\u00e9l\u00e9rom\u00e8tre et gyroscope) et LEDs d&#8217;indication du joueur.<\/p>\n<p>Mise \u00e0 jour possible du Firmware pour l&#8217;ajout futur de nouvelles fonctionnalit\u00e9s.<\/p>\n<p>Compatible avec les p\u00e9riph\u00e9riques Switch, Android, Mac OS et Windows<\/p>\n<p>Boutons programmables, facile \u00e0 configurer, combo et turbo.<\/p>\n","protected":false},"excerpt":{"rendered":"<p>Fonction Rumble (vibration HD) Contr\u00f4le de mouvement\u00a0(acc\u00e9l\u00e9rom\u00e8tre et gyroscope) et LEDs d&#8217;indication du joueur. Mise \u00e0 jour possible du Firmware pour l&#8217;ajout futur de nouvelles fonctionnalit\u00e9s. Compatible avec les p\u00e9riph\u00e9riques Switch, Android, Mac OS et Windows Boutons programmables, facile \u00e0 configurer, combo et turbo.<\/p>\n","protected":false},"featured_media":5335,"template":"","meta":{"_acf_changed":false},"product_cat":[26],"product_tag":[],"class_list":{"0":"post-5336","1":"product","2":"type-product","3":"status-publish","4":"has-post-thumbnail","6":"product_cat-jeux-video","8":"first","9":"instock","10":"shipping-taxable","11":"purchasable","12":"product-type-simple","13":"add-to-wishlist-after_add_to_cart"},"acf":[],"_links":{"self":[{"href":"https:\/\/testpresta.naid.tech\/index.php\/wp-json\/wp\/v2\/product\/5336"}],"collection":[{"href":"https:\/\/testpresta.naid.tech\/index.php\/wp-json\/wp\/v2\/product"}],"about":[{"href":"https:\/\/testpresta.naid.tech\/index.php\/wp-json\/wp\/v2\/types\/product"}],"wp:featuredmedia":[{"embeddable":true,"href":"https:\/\/testpresta.naid.tech\/index.php\/wp-json\/wp\/v2\/media\/5335"}],"wp:attachment":[{"href":"https:\/\/testpresta.naid.tech\/index.php\/wp-json\/wp\/v2\/media?parent=5336"}],"wp:term":[{"taxonomy":"product_cat","embeddable":true,"href":"https:\/\/testpresta.naid.tech\/index.php\/wp-json\/wp\/v2\/product_cat?post=5336"},{"taxonomy":"product_tag","embeddable":true,"href":"https:\/\/testpresta.naid.tech\/index.php\/wp-json\/wp\/v2\/product_tag?post=5336"}],"curies":[{"name":"wp","href":"https:\/\/api.w.org\/{rel}","templated":true}]}}